{"id":3,"date":"2018-10-22T11:28:53","date_gmt":"2018-10-22T09:28:53","guid":{"rendered":"http:\/\/monochrom.at\/?page_id=3"},"modified":"2022-03-24T17:29:56","modified_gmt":"2022-03-24T16:29:56","slug":"datenschutzerklaerung","status":"publish","type":"page","link":"https:\/\/monochrom.at\/blog\/datenschutzerklaerung\/","title":{"rendered":"Datenschutzerkl\u00e4rung"},"content":{"rendered":"<p>die europ\u00e4ische datenschutzgrundverordnung und die daraus abgeleiteten nationalen gesetze zwingen uns zur abgabe der folgenden<\/p>\n<h3>datenschutzerkl\u00e4rung<\/h3>\n<p>auch wenn wir meinen, dass jeder auch nur halbwegs internet-literate mensch ohnedies wissen sollte, was cookies sind und wie man damit umgehen sollte. wir erkl\u00e4ren ihnen dennoch gerne, was es mit cookies auf sich hat, was sie von uns und anderen zu bef\u00fcrchten haben und wie sie sie verhindern k\u00f6nnen.<\/p>\n<h3>google tracking<\/h3>\n<p>bis 2015 verwendete diese website google analytics, einen webanalysedienst der firma alphabet (vormals google inc.) mit sitz in 1600 amphitheatre parkway, mountain view, ca 94043, usa (in der folge kurz &#8220;google&#8221; genannt). damit dieser an sich n\u00fctzliche dienst seine funktion erf\u00fcllen kann, speichert er kleine textdateien, sogenannte cookies, auf ihrem endger\u00e4t und liest sie wieder, wenn sie andere seiten besuchen, die ebenfalls google analytics verwenden. google erkennt daraus, welche seiten von welchem ger\u00e4t aus in welcher reihenfolge aufgerufen werden und nutzt diese information einerseits f\u00fcr eigene werbung, andererseits teilt sie die information mit den webseitenbetreibern, die dadurch kostenfrei zu hochwertigen auswertungen kommen, was uns als non-profit organisation stets sehr entgegengekommen ist.<\/p>\n<p>w\u00e4re diese funktion bei monochrom noch implementiert, w\u00fcrden cookies und die darin enthaltenen informationen \u00fcber ihr erscheinen auf unserer website (einschlie\u00dflich ihrer ip-Adresse, aber weit dar\u00fcber hinausgehend, aber wegen unserer implementierung eingeschr\u00e4nkt auf die englische und die deutsche startseite von monochrom) an einen server von google in den usa \u00fcbertragen und daselbst sowie in anderen l\u00e4ndern gespeichert. wir sind allerdings wie gesagt seit l\u00e4ngerem von der verwendung solcher tracking-systeme abgekommen und verlassen uns nun auf die Auswertung der logfiles des Webservers Apache.<\/p>\n<h3>warum hat monochrom kein cookie-banner?<\/h3>\n<p>die europ\u00e4ische datenschutzgrundverordnung hat klarheit dar\u00fcber gebracht, wie mit tracking- und werbe-cookies verfahren werden muss. auch f\u00fcr vereine ohne jede gewinnabsicht ist es im zweifel sehr angebracht, \u00fcber sogenannte cookie-banner die zustimmung zur speicherung von cookies auf dem ger\u00e4t der nutzer einzuholen. monochrom findet diese zustimmungsbanner h\u00e4\u00dflich und die daraus resultierenden klickorgien unertr\u00e4glich. die einzige konsequenz daraus kann somit nur lauten: wir speichern weder tracking- noch werbe-cookies auf ihrem endger\u00e4t, daher m\u00fcssen wir auch nicht um erlaubnis fragen&#8230; unsere website ist gl\u00fccklicherweise so gestaltet, da\u00df alle bereiche auch ohne diese cookies vollst\u00e4ndig nutzbar bleiben. wir finden mit unseren lokalen werkzeugen, die aufzeichnen, aus welchen l\u00e4ndern unsere g\u00e4ste kommen und was genau sie bei uns suchen, das auslangen.<\/p>\n<h3>warum setzt monochrom trotzdem ein cookie?<\/h3>\n<p>cookies werden nicht nur f\u00fcr tracking und werbung verwendet. sie sind auch teil der normalen infrastruktur jedes webservers. manche webserver von gro\u00dfen herstellern setzen sehr viele cookies &#8211; andere webserver, wie unser quelloffener webserver apache2 sind sehr sparsam mit cookies. die aktuellen entscheidungen des eugh zeigen, dass diese technisch erforderlichen cookies alleine durch die nutzung der technologie des world wide web selbst bereits im einverst\u00e4ndnis zwischen surfer und anbieter als vereinbart gelten, denn es ist sowohl berechtigtes interesse des websitebetreibers als auch des websitenutzers, nahtlos zwischen den seiten des angebots bl\u00e4ttern zu k\u00f6nnen. dieser selbstverst\u00e4ndliche komfort erfordert ein technisches cookie, mit dem ihre sitzung auf unserem server verfolgt wird, ein sogenanntes tempor\u00e4res session-cookie. es l\u00f6scht sich nach ihrem verlassen unseres servers selbst und hat ausser dem \u00fcbertrag von Information von einer seite zur n\u00e4chsten keine funktion.<\/p>\n<h3>was sie tun k\u00f6nnen<\/h3>\n<p>wir empfehlen ihnen, f\u00fcr den jeweiligen browser eine der zahllosen und kostenfreien erweiterungen zu installieren, mit denen script- und cookie-zugriffe von drittanbietern unterbunden werden k\u00f6nnen. sie werden diese werkzeuge genauso wie wir selbst rasch als sehr n\u00fctzlich empfinden. am raschesten finden sie sie, indem sie in ihrer lieblingssuchmaschine nach &#8220;cookie blocker&#8221; und dem namen ihres browsers suchen, also etwa &#8220;cookie blocker firefox&#8221;. es zeigt ihnen die aktuellen m\u00f6glichkeiten. sie werden erstaunt sein, wer cookies setzt und wen er daf\u00fcr beauftragt. in vielen f\u00e4llen werden sie auch sehen, dass sie informationen nur mehr im tausch gegen ein cookie bekommen &#8211; etwa bei aktuellen nachrichtenangeboten. da bleibt ihnen als nutzer die entscheidung: entweder zahlen f\u00fcr die information oder ein werbecookie akzeptieren. monochrom findet dieses vorgehen okay, wenngleich auch gegen daten als w\u00e4hrung konvergierend. und versichert gleichzeitig: monochrom ist ein kunstprojekt und bleibt kosten- und werbefrei. von uns haben sie daher auch keine werbecookies zu bef\u00fcrchten. beachten sie bitte auch, dass dinge, die auf unseren seiten auf den ersten blick wie werbung aussehen m\u00f6gen, tats\u00e4chlich eine verballhornung von werbung sind.<\/p>\n<h3>disclaimer<\/h3>\n<p>um die vorgehenden zeilen in juristisch klares deutsch zu fassen, merken wir an: durch die nutzung dieser website erkl\u00e4ren sie sich mit der bearbeitung der \u00fcber sie erhobenen daten in der zuvor beschriebenen art und weise und zu dem zuvor benannten zweck einverstanden. monochrom erkl\u00e4rt ausserdem feierlich, dar\u00fcber hinaus gehend auch selbst lokale statistiken \u00fcber die nutzung seines webauftritts aus den logfiles des webservers zu erstellen, die jedoch in keinem fall auf ihre person zur\u00fcckf\u00fchren und ausschlie\u00dflich f\u00fcr die optimierung des eigenen webauftritts verwendet werden.<\/p>\n<h3>verantwortung<\/h3>\n<p>der verein monochrom, betreiber der webauftritte monochrom.at, monochrom.org und monochrom.info, ist eingetragen als verein zur f\u00f6rderung der selektiven rezeptionsforschung im sinne futurologischer belange. zvr 624357467. das vereinslokal befindet sich in wien 7, museumsplatz 1. verantwortliche personen f\u00fcr den webauftritt sind: johannes grenzfurthner, g\u00fcnther friesinger und franz ablinger, alle erreichbar \u00fcber <a href=\"\/contact.php?n=office\">diese e-mail<\/a> oder in personam an genannter adresse.<\/p>\n<p>die t\u00e4tigkeit unseres vereins ist nicht kommerziell ausgerichet. von uns haben sie nichts zu bef\u00fcrchten. es gibt aber auch nichts zu holen. wir \u00fcbersch\u00fctten sie nur f\u00f6rmlich mit selektion, die sie allerdings selbst abholen m\u00fcssen.<\/p>\n<p>zur\u00fcck zu der <a href=\"\/blog\">f\u00fclle<\/a>.<\/p>\n","protected":false},"excerpt":{"rendered":"<p>die europ\u00e4ische datenschutzgrundverordnung und die daraus abgeleiteten nationalen gesetze zwingen uns zur abgabe der folgenden datenschutzerkl\u00e4rung auch wenn wir meinen, dass jeder auch nur halbwegs internet-literate mensch ohnedies wissen sollte, was cookies sind und wie man damit umgehen sollte. wir erkl\u00e4ren ihnen dennoch gerne, was es mit cookies auf sich hat, was sie von uns &#8230; <a title=\"Datenschutzerkl\u00e4rung\" class=\"read-more\" href=\"https:\/\/monochrom.at\/blog\/datenschutzerklaerung\/\">Read more<\/a><\/p>\n","protected":false},"author":1,"featured_media":0,"parent":0,"menu_order":0,"comment_status":"closed","ping_status":"open","template":"","meta":{"koromo_page_header":"","footnotes":""},"class_list":["post-3","page","type-page","status-publish"],"_links":{"self":[{"href":"https:\/\/monochrom.at\/blog\/wp-json\/wp\/v2\/page\/3","targetHints":{"allow":["GET"]}}],"collection":[{"href":"https:\/\/monochrom.at\/blog\/wp-json\/wp\/v2\/page"}],"about":[{"href":"https:\/\/monochrom.at\/blog\/wp-json\/wp\/v2\/types\/page"}],"author":[{"embeddable":true,"href":"https:\/\/monochrom.at\/blog\/wp-json\/wp\/v2\/users\/1"}],"replies":[{"embeddable":true,"href":"https:\/\/monochrom.at\/blog\/wp-json\/wp\/v2\/comments?post=3"}],"version-history":[{"count":6,"href":"https:\/\/monochrom.at\/blog\/wp-json\/wp\/v2\/page\/3\/revisions"}],"predecessor-version":[{"id":12918,"href":"https:\/\/monochrom.at\/blog\/wp-json\/wp\/v2\/page\/3\/revisions\/12918"}],"wp:attachment":[{"href":"https:\/\/monochrom.at\/blog\/wp-json\/wp\/v2\/media?parent=3"}],"curies":[{"name":"wp","href":"https:\/\/api.w.org\/{rel}","templated":true}]}}